{"id":548,"date":"2016-07-17T11:59:09","date_gmt":"2016-07-17T11:59:09","guid":{"rendered":"http:\/\/fonteverde.wispeltech.com\/fr\/iniziative\/"},"modified":"2020-11-14T12:00:00","modified_gmt":"2020-11-14T10:00:00","slug":"iniziative","status":"publish","type":"page","link":"https:\/\/fonteverde.com\/fr\/iniziative\/","title":{"rendered":"Initiative"},"content":{"rendered":"<p><img loading=\"lazy\" class=\"wp-image-947 aligncenter\" src=\"https:\/\/fonteverde.com\/wp-content\/uploads\/2016\/07\/banner-300x33.gif\" alt=\"\" width=\"418\" height=\"46\" srcset=\"https:\/\/fonteverde.com\/wp-content\/uploads\/2016\/07\/banner-300x33.gif 300w, https:\/\/fonteverde.com\/wp-content\/uploads\/2016\/07\/banner-768x85.gif 768w\" sizes=\"(max-width: 418px) 85vw, 418px\" \/><\/p>\n<p><img loading=\"lazy\" class=\"wp-image-815 aligncenter\" src=\"https:\/\/fonteverde.com\/wp-content\/uploads\/2018\/02\/Fidal-300x200.jpg\" alt=\"\" width=\"215\" height=\"143\" srcset=\"https:\/\/fonteverde.com\/wp-content\/uploads\/2018\/02\/Fidal-300x200.jpg 300w, https:\/\/fonteverde.com\/wp-content\/uploads\/2018\/02\/Fidal-768x512.jpg 768w, https:\/\/fonteverde.com\/wp-content\/uploads\/2018\/02\/Fidal-1024x682.jpg 1024w, https:\/\/fonteverde.com\/wp-content\/uploads\/2018\/02\/Fidal-1200x800.jpg 1200w, https:\/\/fonteverde.com\/wp-content\/uploads\/2018\/02\/Fidal.jpg 1772w\" sizes=\"(max-width: 215px) 85vw, 215px\" \/><\/p>\n<h1 style=\"text-align: center;\"><span lang=\"fr\">Mesures de s\u00e9curit\u00e9 pour lutter contre la propagation du virus Covid-19. Pr\u00e9server la sant\u00e9 de nos collaborateurs est notre premier engagement.<\/span><\/h1>\n<p><img loading=\"lazy\" class=\"alignnone size-medium wp-image-984\" src=\"https:\/\/fonteverde.com\/wp-content\/uploads\/2016\/07\/misure-covid-19-300x225.jpg\" alt=\"\" width=\"300\" height=\"225\" srcset=\"https:\/\/fonteverde.com\/wp-content\/uploads\/2016\/07\/misure-covid-19-300x225.jpg 300w, https:\/\/fonteverde.com\/wp-content\/uploads\/2016\/07\/misure-covid-19-768x576.jpg 768w, https:\/\/fonteverde.com\/wp-content\/uploads\/2016\/07\/misure-covid-19.jpg 1024w\" sizes=\"(max-width: 300px) 85vw, 300px\" \/><img loading=\"lazy\" class=\"size-medium wp-image-985 alignright\" src=\"https:\/\/fonteverde.com\/wp-content\/uploads\/2016\/07\/misure-precauz.-covid-19-300x225.jpg\" alt=\"\" width=\"300\" height=\"225\" srcset=\"https:\/\/fonteverde.com\/wp-content\/uploads\/2016\/07\/misure-precauz.-covid-19-300x225.jpg 300w, https:\/\/fonteverde.com\/wp-content\/uploads\/2016\/07\/misure-precauz.-covid-19-768x576.jpg 768w, https:\/\/fonteverde.com\/wp-content\/uploads\/2016\/07\/misure-precauz.-covid-19.jpg 1024w\" sizes=\"(max-width: 300px) 85vw, 300px\" \/><\/p>\n<p><img loading=\"lazy\" class=\"size-medium wp-image-1026 alignleft\" src=\"https:\/\/fonteverde.com\/wp-content\/uploads\/2016\/07\/PHOTO-2020-11-13-16-27-181-300x225.jpg\" alt=\"\" width=\"300\" height=\"225\" srcset=\"https:\/\/fonteverde.com\/wp-content\/uploads\/2016\/07\/PHOTO-2020-11-13-16-27-181-300x225.jpg 300w, https:\/\/fonteverde.com\/wp-content\/uploads\/2016\/07\/PHOTO-2020-11-13-16-27-181-768x576.jpg 768w, https:\/\/fonteverde.com\/wp-content\/uploads\/2016\/07\/PHOTO-2020-11-13-16-27-181.jpg 1024w\" sizes=\"(max-width: 300px) 85vw, 300px\" \/><img loading=\"lazy\" class=\"size-medium wp-image-1027 alignright\" src=\"https:\/\/fonteverde.com\/wp-content\/uploads\/2016\/07\/PHOTO-2020-11-13-16-27-19-300x243.jpg\" alt=\"\" width=\"300\" height=\"243\" srcset=\"https:\/\/fonteverde.com\/wp-content\/uploads\/2016\/07\/PHOTO-2020-11-13-16-27-19-300x243.jpg 300w, https:\/\/fonteverde.com\/wp-content\/uploads\/2016\/07\/PHOTO-2020-11-13-16-27-19-768x622.jpg 768w, https:\/\/fonteverde.com\/wp-content\/uploads\/2016\/07\/PHOTO-2020-11-13-16-27-19.jpg 860w\" sizes=\"(max-width: 300px) 85vw, 300px\" \/><\/p>\n<p><iframe width=\"840\" height=\"473\" src=\"https:\/\/www.youtube.com\/embed\/4LjKCwqr3Bk?feature=oembed\" frameborder=\"0\" allow=\"accelerometer; autoplay; clipboard-write; encrypted-media; gyroscope; picture-in-picture\" allowfullscreen><\/iframe><\/p>\n<p><iframe width=\"840\" height=\"473\" src=\"https:\/\/www.youtube.com\/embed\/yYnXvOvFF9I?feature=oembed\" frameborder=\"0\" allow=\"accelerometer; autoplay; clipboard-write; encrypted-media; gyroscope; picture-in-picture\" allowfullscreen><\/iframe><\/p>\n<h2>LA LISTE DE NOS ENGAGEMENTS<\/h2>\n<p><iframe src=\"https:\/\/www.youtube.com\/embed\/FPmRdXpFrcQ\" width=\"533\" height=\"300\" frameborder=\"0\" allowfullscreen=\"allowfullscreen\"><\/iframe><\/p>\n<p>Le consortium est actif dans le parrainage et dans la participation \u00e0 des initiatives refl\u00e9tant les valeurs, les produits et le territoire.<\/p>\n<ul>\n<li>Participation au\u00a0<span class=\"green-span\">Carotispica (Sagra della Carota)<\/span><\/li>\n<li>Participation au <span class=\"green-span\">CONSORZIO CAROTA NOVELLA di Ispica IGP<\/span><\/li>\n<li>Participation au projet\u00a0Fondimpresa <span class=\"green-span\">L\u2019ECONOMIA DEI DUE ANGOLI<\/span><\/li>\n<li>Participation au <a href=\"https:\/\/www.youtube.com\/watch?v=4LjKCwqr3Bk\" target=\"_blank\" rel=\"noopener\"><span class=\"green-span\">EXPO 2015<\/span><\/a><\/li>\n<li>Participation au progetto <span class=\"green-span\">L\u2019ORTOFRUTTA E LO SPORT<\/span> fornitore ufficiale FIDAL<\/li>\n<li>Participation\u00a0<span class=\"green-span\">ITALIA ORTOFRUTTA UNIONE NAZIONALE<\/span><\/li>\n<li>Partner projet\u00a0<span class=\"green-span\">VIVIANA L\u2019UVA ITALIANA<\/span><\/li>\n<li>Participation\u00a0<span class=\"green-span\">GAL TERRA BAROCCA<\/span><\/li>\n<\/ul>\n","protected":false},"excerpt":{"rendered":"<p>Mesures de s\u00e9curit\u00e9 pour lutter contre la propagation du virus Covid-19. Pr\u00e9server la sant\u00e9 de nos collaborateurs est notre premier engagement. LA LISTE DE NOS ENGAGEMENTS Le consortium est actif dans le parrainage et dans la participation \u00e0 des initiatives refl\u00e9tant les valeurs, les produits et le territoire. Participation au\u00a0Carotispica (Sagra della Carota) Participation au &hellip; <a href=\"https:\/\/fonteverde.com\/fr\/iniziative\/\" class=\"more-link\">Continue reading<span class=\"screen-reader-text\"> &#8220;Initiative&#8221;<\/span><\/a><\/p>\n","protected":false},"author":1,"featured_media":40,"parent":0,"menu_order":0,"comment_status":"closed","ping_status":"closed","template":"","meta":[],"_links":{"self":[{"href":"https:\/\/fonteverde.com\/fr\/wp-json\/wp\/v2\/pages\/548"}],"collection":[{"href":"https:\/\/fonteverde.com\/fr\/wp-json\/wp\/v2\/pages"}],"about":[{"href":"https:\/\/fonteverde.com\/fr\/wp-json\/wp\/v2\/types\/page"}],"author":[{"embeddable":true,"href":"https:\/\/fonteverde.com\/fr\/wp-json\/wp\/v2\/users\/1"}],"replies":[{"embeddable":true,"href":"https:\/\/fonteverde.com\/fr\/wp-json\/wp\/v2\/comments?post=548"}],"version-history":[{"count":15,"href":"https:\/\/fonteverde.com\/fr\/wp-json\/wp\/v2\/pages\/548\/revisions"}],"predecessor-version":[{"id":666,"href":"https:\/\/fonteverde.com\/fr\/wp-json\/wp\/v2\/pages\/548\/revisions\/666"}],"wp:featuredmedia":[{"embeddable":true,"href":"https:\/\/fonteverde.com\/fr\/wp-json\/wp\/v2\/media\/40"}],"wp:attachment":[{"href":"https:\/\/fonteverde.com\/fr\/wp-json\/wp\/v2\/media?parent=548"}],"curies":[{"name":"wp","href":"https:\/\/api.w.org\/{rel}","templated":true}]}}