{"id":389,"date":"2016-07-17T11:58:12","date_gmt":"2016-07-17T11:58:12","guid":{"rendered":"http:\/\/fonteverde.wispeltech.com\/fr\/consorzio\/"},"modified":"2016-10-11T07:26:11","modified_gmt":"2016-10-11T05:26:11","slug":"consorzio","status":"publish","type":"page","link":"https:\/\/fonteverde.com\/fr\/consorzio\/","title":{"rendered":"NOTRE CONSORTIUM"},"content":{"rendered":"<p>L&#8217;OP Fonteverde Consortium regroupe plusieurs exploitants agricoles op\u00e9rant dans les provinces de Raguse et Syracuse. Le Consortium Fonteverde a \u00e9t\u00e9 cr\u00e9\u00e9 en 2004 sous l\u2019impulsion d&#8217;un groupe d\u2019entrepreneurs siciliens, actifs dans le secteur des fruits et l\u00e9gumes depuis plus de 20 ans, qui a eu l\u2019id\u00e9e d&#8217;agr\u00e9ger \u00e0 leur Association d\u2019exploitants agricoles d\u00e9j\u00e0 existante depuis plusieurs ann\u00e9es (le Fonte Verde Aziende Agricole Associate), un groupe de producteurs locaux pour donner vie \u00e0 une Organisation de producteurs.<\/p>\n<p>Le Consortium Fonteverde avec D.D.S. 14 du 14\/01\/2005 est reconnu par la R\u00e9gion de Sicile comme &#8220;Organisation de producteurs&#8221;.<\/p>\n<p>Le Fonteverde Consortium se propose, dans l&#8217;int\u00e9r\u00eat exclusif des membres du consortium, d&#8217;organiser les producteurs associ\u00e9s, de planifier la production de ces derniers, de valoriser leurs produits, en terme de quantit\u00e9 et de qualit\u00e9, de commercialiser les produits des membres en assurant une rentabilit\u00e9 maximale.<\/p>\n<p><strong>LES TERRAINS<\/strong><\/p>\n<p>Le Consortium exploite plus de 900 ha de terres situ\u00e9es dans deux provinces du Sud-Est de la Sicile: 55% des superficies dans la r\u00e9gion de Raguse, 45% dans la r\u00e9gion de Syracuse, zones de l\u2019\u00eele particuli\u00e8rement adapt\u00e9es \u00e0 l\u2019horticulture.<\/p>\n<p><strong>LES \u00c9TABLISSEMENTS<\/strong><\/p>\n<p>L\u2019\u00e9tablissement principal, o\u00f9 est \u00e9galement situ\u00e9e le si\u00e8ge social du Consortium FONTEVERDE, se d\u00e9veloppe sur une superficie totale d&#8217;environ 38.000 m\u00e8tres carr\u00e9s, \u00e0 une courte distance de la ville d\u2019Ispica, en province de Ragusa. L\u2019\u00e9tablissement est compos\u00e9 d&#8217;un corps principal de 4500 m\u00e8tres carr\u00e9s, qui constitue l\u2019entrep\u00f4t pour le lavage, la transformation, l&#8217;emballage des fruits et des l\u00e9gumes. \u00c0 l&#8217;int\u00e9rieur, il existe des espaces r\u00e9serv\u00e9s aux chambres froides, \u00e0 des installations modernes et fonctionnelles, associ\u00e9es \u00e0 des syst\u00e8mes technologiquement avanc\u00e9s pour la transformation, le pesage et l&#8217;emballage des fruits et l\u00e9gumes.<\/p>\n<p>Le second \u00e9tablissement, situ\u00e9 pr\u00e8s de la c\u00f4te de Santa Maria Focallo, se caract\u00e9rise par son important syst\u00e8me photovolta\u00efque. Il dispose en outre de grandes chambres froides (au nombre de 2 de 580 m\u00b2 et de 1 de 1390 m\u00b2) et une salle d\u2019\u00e9laboration de 3.000 m\u00e8tres carr\u00e9s o\u00f9 se trouvent d\u2019autres \u00e9quipements et machines pour la transformation des produits cultiv\u00e9s par nos membres.<\/p>\n","protected":false},"excerpt":{"rendered":"<p>L&#8217;OP Fonteverde Consortium regroupe plusieurs exploitants agricoles op\u00e9rant dans les provinces de Raguse et Syracuse. Le Consortium Fonteverde a \u00e9t\u00e9 cr\u00e9\u00e9 en 2004 sous l\u2019impulsion d&#8217;un groupe d\u2019entrepreneurs siciliens, actifs dans le secteur des fruits et l\u00e9gumes depuis plus de 20 ans, qui a eu l\u2019id\u00e9e d&#8217;agr\u00e9ger \u00e0 leur Association d\u2019exploitants agricoles d\u00e9j\u00e0 existante depuis &hellip; <a href=\"https:\/\/fonteverde.com\/fr\/consorzio\/\" class=\"more-link\">Continue reading<span class=\"screen-reader-text\"> &#8220;NOTRE CONSORTIUM&#8221;<\/span><\/a><\/p>\n","protected":false},"author":1,"featured_media":41,"parent":0,"menu_order":0,"comment_status":"closed","ping_status":"closed","template":"page-consorzio.php","meta":[],"_links":{"self":[{"href":"https:\/\/fonteverde.com\/fr\/wp-json\/wp\/v2\/pages\/389"}],"collection":[{"href":"https:\/\/fonteverde.com\/fr\/wp-json\/wp\/v2\/pages"}],"about":[{"href":"https:\/\/fonteverde.com\/fr\/wp-json\/wp\/v2\/types\/page"}],"author":[{"embeddable":true,"href":"https:\/\/fonteverde.com\/fr\/wp-json\/wp\/v2\/users\/1"}],"replies":[{"embeddable":true,"href":"https:\/\/fonteverde.com\/fr\/wp-json\/wp\/v2\/comments?post=389"}],"version-history":[{"count":4,"href":"https:\/\/fonteverde.com\/fr\/wp-json\/wp\/v2\/pages\/389\/revisions"}],"predecessor-version":[{"id":515,"href":"https:\/\/fonteverde.com\/fr\/wp-json\/wp\/v2\/pages\/389\/revisions\/515"}],"wp:featuredmedia":[{"embeddable":true,"href":"https:\/\/fonteverde.com\/fr\/wp-json\/wp\/v2\/media\/41"}],"wp:attachment":[{"href":"https:\/\/fonteverde.com\/fr\/wp-json\/wp\/v2\/media?parent=389"}],"curies":[{"name":"wp","href":"https:\/\/api.w.org\/{rel}","templated":true}]}}