{"id":390,"date":"2016-07-17T11:58:12","date_gmt":"2016-07-17T11:58:12","guid":{"rendered":"http:\/\/fonteverde.wispeltech.com\/de\/consorzio\/"},"modified":"2016-10-27T21:05:48","modified_gmt":"2016-10-27T19:05:48","slug":"konsortium","status":"publish","type":"page","link":"https:\/\/fonteverde.com\/de\/konsortium\/","title":{"rendered":"Konsortium"},"content":{"rendered":"<p class=\"p1\"><span class=\"s1\">Das OP Konsortium Fonteverde sammelt mehrere landwirtschaftliche Unternehmen, welche auf dem Gebiet der Provinzen von Ragusa und Siracusa t\u00e4tig sind. Das Konsortium Fonteverde wurde im Jahr 2004 gegr\u00fcndet auf Wunsch einer Gruppe von Unternehmern aus Sizilien, die seit mehr als 20 Jahren im Bereich Obst \u2013 und Gem\u00fcse t\u00e4tig sind. Diese Gruppe hat die g\u00fcnstige Gelegenheit erkannt,<span class=\"Apple-converted-space\">\u00a0 <\/span>ihrem seit einigen Jahren bereits bestehenden Verein landwirtschaftlicher Unternehmen (das Fonte Verde Aziende Agricole Associate), eine Gruppe \u00f6rtlicher Produzenten anzugliedern, um eine Produzentenorganisation zu gr\u00fcnden.<\/span><\/p>\n<p class=\"p1\"><span class=\"s1\">Das Konsortium Fonteverde mit D.D.S. n.14 vom 14\/01\/2005 wird von Region Sizilien als<span class=\"Apple-converted-space\">\u00a0 <\/span>\u201cProduzentenorganisation\u201d anerkannt.<\/span><\/p>\n<p class=\"p1\"><span class=\"s1\">Das Konsortium Fonteverde hat es vor, nur in der Interesse der Konsortialmitglieder, die vereinigten Produzenten zu organisieren, ihre Produktionen zu planen, ihre Produkte aufzuwerten, was Quantit\u00e4t und Qualit\u00e4t betrifft, die Produkte der vereinigten Produzenten zu vermarkten und die h\u00f6chste Ertragsf\u00e4higkeit zu sichern.<\/span><\/p>\n<p class=\"p1\"><span class=\"s1\"><b>DIE B\u00d6DEN<\/b><\/span><\/p>\n<p class=\"p1\"><span class=\"s1\">Das Konsortium verwaltet mehr als 900 Hektar von B\u00f6den, die sich in zwei Provinzen von Sizilien<span class=\"Apple-converted-space\">\u00a0 <\/span>(bzw in der s\u00fcd-\u00f6stlichen Seite) befinden: 55% der Bodenfl\u00e4chen liegen in der Provinz von Ragusa, 45% liegen in der Provinz von Siracusa, beide Gebiete sind sehr geeignet f\u00fcr den Gem\u00fcsebau.<\/span><\/p>\n<p class=\"p1\"><span class=\"s1\"><b>DIE BETRIEBSANLAGEN<\/b><\/span><\/p>\n<p class=\"p1\"><span class=\"s1\">Die Hauptbetriebsanlage, wo es auch den legalen Sitz vom Konsortium FONTEVERDE gibt, entwickelt sich auf einem Gebiet von ca. 38.000 mq in der N\u00e4he von der Stadt Ispica (RG). Die Betriebsanlage besteht aus einem Hauptteil von<span class=\"Apple-converted-space\">\u00a0 <\/span>4.500 mq, wo es der Lager f\u00fcr das Waschen gibt ,und wo die Herstellung und Verpackung von Obst &#8211;<span class=\"Apple-converted-space\">\u00a0 <\/span>und Gem\u00fcse stattfindet. In der Innenseite gibt es K\u00fchlr\u00e4ume, sowie moderne und funktionelle Anlagen zusammen mit hohen technlogischen Systemen f\u00fcr die Herstellung, das Abwiegen und die Verpackung von Obst \u2013 und Gem\u00fcse.<\/span><\/p>\n<p class=\"p1\"><span class=\"s1\">Die zweite Betriebsanlage befindet sich in der N\u00e4he der K\u00fcstenstra\u00dfe Santa Maria del Focallo und kennzeichnet sich durch ihre bedeutende Photovoltaikanlage auf dem Dach. Diese zweite Betriebsanlage besitzt gro\u00dfe K\u00fchlr\u00e4ume ( n.2 von 580 mq und n.1 von 1390 mq) und einen Raum von 3.000 mq f\u00fcr die Herstellung mit weiteren Anlagen und Maschinen f\u00fcr die Herstellung der Produkte, welche von den vereinigten Produzenten angebaut werden.<\/span><\/p>\n","protected":false},"excerpt":{"rendered":"<p>Das OP Konsortium Fonteverde sammelt mehrere landwirtschaftliche Unternehmen, welche auf dem Gebiet der Provinzen von Ragusa und Siracusa t\u00e4tig sind. Das Konsortium Fonteverde wurde im Jahr 2004 gegr\u00fcndet auf Wunsch einer Gruppe von Unternehmern aus Sizilien, die seit mehr als 20 Jahren im Bereich Obst \u2013 und Gem\u00fcse t\u00e4tig sind. Diese Gruppe hat die g\u00fcnstige &hellip; <a href=\"https:\/\/fonteverde.com\/de\/konsortium\/\" class=\"more-link\">Continue reading<span class=\"screen-reader-text\"> &#8220;Konsortium&#8221;<\/span><\/a><\/p>\n","protected":false},"author":1,"featured_media":41,"parent":0,"menu_order":0,"comment_status":"closed","ping_status":"closed","template":"page-consorzio.php","meta":[],"_links":{"self":[{"href":"https:\/\/fonteverde.com\/de\/wp-json\/wp\/v2\/pages\/390"}],"collection":[{"href":"https:\/\/fonteverde.com\/de\/wp-json\/wp\/v2\/pages"}],"about":[{"href":"https:\/\/fonteverde.com\/de\/wp-json\/wp\/v2\/types\/page"}],"author":[{"embeddable":true,"href":"https:\/\/fonteverde.com\/de\/wp-json\/wp\/v2\/users\/1"}],"replies":[{"embeddable":true,"href":"https:\/\/fonteverde.com\/de\/wp-json\/wp\/v2\/comments?post=390"}],"version-history":[{"count":6,"href":"https:\/\/fonteverde.com\/de\/wp-json\/wp\/v2\/pages\/390\/revisions"}],"predecessor-version":[{"id":609,"href":"https:\/\/fonteverde.com\/de\/wp-json\/wp\/v2\/pages\/390\/revisions\/609"}],"wp:featuredmedia":[{"embeddable":true,"href":"https:\/\/fonteverde.com\/de\/wp-json\/wp\/v2\/media\/41"}],"wp:attachment":[{"href":"https:\/\/fonteverde.com\/de\/wp-json\/wp\/v2\/media?parent=390"}],"curies":[{"name":"wp","href":"https:\/\/api.w.org\/{rel}","templated":true}]}}